{"id":81,"date":"2022-12-01T03:13:41","date_gmt":"2022-12-01T03:13:41","guid":{"rendered":"https:\/\/ethelett.com\/?page_id=81"},"modified":"2023-01-21T13:53:52","modified_gmt":"2023-01-21T19:53:52","slug":"contacto","status":"publish","type":"page","link":"https:\/\/ethelett.com\/en\/contacto\/","title":{"rendered":"Get in touch"},"content":{"rendered":"\n<div class=\"wp-block-stackable-columns stk-block-columns stk-block stk-6732624\" data-block-id=\"6732624\"><div class=\"stk-row stk-inner-blocks stk-block-content stk-content-align stk-6732624-column\">\n<div class=\"wp-block-stackable-column stk-block-column stk-block-column--v2 stk-column stk-block stk-9e52bff\" data-block-id=\"9e52bff\"><div class=\"stk-column-wrapper stk-block-column__content stk-container stk-9e52bff-container stk--no-background stk--no-padding\"><div class=\"stk-block-content stk-inner-blocks stk-9e52bff-inner-blocks\">\n<div class=\"wp-block-stackable-text stk-block-text stk-block stk-c1e0864\" data-block-id=\"c1e0864\"><p class=\"stk-block-text__text\">Te interesa emprender un <strong>proyecto<\/strong> con nosotros o tienes preguntas sobre nuestros servicios, escr\u00edbenos a trav\u00e9s de nuestro formulario de contacto o a la direcci\u00f3n de correo electr\u00f3nico:<\/p><\/div>\n\n\n\n<div class=\"wp-block-stackable-subtitle stk-block-subtitle stk-block stk-95ddb44\" data-block-id=\"95ddb44\"><p class=\"stk-block-subtitle__text stk-subtitle\"><a href=\"mailto:contacto@ethelett.com\">contacto@ethelett.com<\/a><\/p><\/div>\n<\/div><\/div><\/div>\n\n\n\n<div class=\"wp-block-stackable-column stk-block-column stk-block-column--v2 stk-column stk-block stk-7ea6afc\" data-block-id=\"7ea6afc\"><div class=\"stk-column-wrapper stk-block-column__content stk-container stk-7ea6afc-container stk--no-background stk--no-padding\"><div class=\"stk-block-content stk-inner-blocks stk-7ea6afc-inner-blocks\">\n<div class=\"wp-block-stackable-text stk-block-text stk-block stk-b1f593d\" data-block-id=\"b1f593d\"><p class=\"stk-block-text__text\">Usa estos mismos medios de contacto para <strong>informaci\u00f3n general<\/strong>, colaboraciones, medios o saludos.<\/p><\/div>\n<\/div><\/div><\/div>\n\n\n\n<div class=\"wp-block-stackable-column stk-block-column stk-block-column--v2 stk-column stk-block stk-5ad1e7b\" data-block-id=\"5ad1e7b\"><div class=\"stk-column-wrapper stk-block-column__content stk-container stk-5ad1e7b-container stk--no-background stk--no-padding\"><div class=\"stk-block-content stk-inner-blocks stk-5ad1e7b-inner-blocks\">\n<div class=\"wp-block-stackable-text stk-block-text stk-block stk-9267e83\" data-block-id=\"9267e83\"><p class=\"stk-block-text__text\">Te interesa formar parte de nuestro equipo.  Env\u00edanos tu <strong>CV y portafolio<\/strong> a <a href=\"mailto:contacto@ethelett.com\">contacto@ethelett.com<\/a><\/p><\/div>\n<\/div><\/div><\/div>\n<\/div><\/div>\n\n\n\n<div class=\"wp-block-stackable-columns stk-block-columns stk-block stk-1a14357\" data-block-id=\"1a14357\"><div class=\"stk-row stk-inner-blocks stk-block-content stk-content-align stk-1a14357-column\">\n<div class=\"wp-block-stackable-column stk-block-column stk-block-column--v2 stk-column stk-block stk-d349fb7\" data-block-id=\"d349fb7\"><style>.stk-d349fb7{max-width:1415px !important;min-width:auto !important;margin-right:auto !important;margin-left:0px !important}@media screen and (min-width:690px){.stk-d349fb7{flex:1 1 calc(66.666% - var(--stk-column-gap,0px) * 1 \/ 2 ) !important}}.stk-d349fb7-container{margin-top:0px !important;margin-right:0px !important;margin-bottom:0px !important;margin-left:0px !important}<\/style><div class=\"stk-column-wrapper stk-block-column__content stk-container stk-d349fb7-container stk--no-background stk--no-padding\"><div class=\"stk--block-orientation-horizontal stk-block-content stk-inner-blocks stk-d349fb7-inner-blocks\"><div class=\"wpforms-container wpforms-container-full wpforms-block\" id=\"wpforms-1273\"><form id=\"wpforms-form-1273\" class=\"wpforms-validate wpforms-form wpforms-ajax-form\" data-formid=\"1273\" method=\"post\" enctype=\"multipart\/form-data\" action=\"\/en\/wp-json\/wp\/v2\/pages\/81\" data-token=\"ba41609286f9cbbba0ea04918ff4f75f\" data-token-time=\"1775252034\"><noscript class=\"wpforms-error-noscript\">Please enable JavaScript in your browser to complete this form.<\/noscript><div class=\"wpforms-field-container\"><div id=\"wpforms-1273-field_3-container\" class=\"wpforms-field wpforms-field-select wpforms-field-select-style-classic\" data-field-id=\"3\"><label class=\"wpforms-field-label wpforms-label-hide\" for=\"wpforms-1273-field_3\">Motivo de contacto <span class=\"wpforms-required-label\">*<\/span><\/label><select id=\"wpforms-1273-field_3\" class=\"wpforms-field-medium wpforms-field-required\" name=\"wpforms[fields][3]\" required=\"required\"><option value=\"\" class=\"placeholder\" disabled  selected='selected'>Selecciona motivo de contacto<\/option><option value=\"Emprender un proyecto\"  class=\"choice-1 depth-1\"  >Emprender un proyecto<\/option><option value=\"Preguntas sobre nuestros servicios\"  class=\"choice-2 depth-1\"  >Preguntas sobre nuestros servicios<\/option><option value=\"Saludos, colaboraciones e informaci\u00f3n general\"  class=\"choice-4 depth-1\"  >Saludos, colaboraciones e informaci\u00f3n general<\/option><option value=\"Otro\"  class=\"choice-5 depth-1\"  >Otro<\/option><\/select><\/div><div id=\"wpforms-1273-field_0-container\" class=\"wpforms-field wpforms-field-name\" data-field-id=\"0\"><label class=\"wpforms-field-label wpforms-label-hide\" for=\"wpforms-1273-field_0\">Nombre <span class=\"wpforms-required-label\">*<\/span><\/label><div class=\"wpforms-field-row wpforms-field-medium\"><div class=\"wpforms-field-row-block wpforms-first wpforms-one-half\"><input type=\"text\" id=\"wpforms-1273-field_0\" class=\"wpforms-field-name-first wpforms-field-required\" name=\"wpforms[fields][0][first]\" placeholder=\"Nombre\" required><label for=\"wpforms-1273-field_0\" class=\"wpforms-field-sublabel after wpforms-sublabel-hide\">First<\/label><\/div><div class=\"wpforms-field-row-block wpforms-one-half\"><input type=\"text\" id=\"wpforms-1273-field_0-last\" class=\"wpforms-field-name-last wpforms-field-required\" name=\"wpforms[fields][0][last]\" placeholder=\"Apellido\" required><label for=\"wpforms-1273-field_0-last\" class=\"wpforms-field-sublabel after wpforms-sublabel-hide\">Last<\/label><\/div><\/div><\/div><div id=\"wpforms-1273-field_1-container\" class=\"wpforms-field wpforms-field-email\" data-field-id=\"1\"><label class=\"wpforms-field-label wpforms-label-hide\" for=\"wpforms-1273-field_1\">Correo electr\u00f3nico <span class=\"wpforms-required-label\">*<\/span><\/label><input type=\"email\" id=\"wpforms-1273-field_1\" class=\"wpforms-field-medium wpforms-field-required\" name=\"wpforms[fields][1]\" placeholder=\"Correo electr\u00f3nico\" spellcheck=\"false\" required><\/div><div id=\"wpforms-1273-field_2-container\" class=\"wpforms-field wpforms-field-textarea\" data-field-id=\"2\"><label class=\"wpforms-field-label wpforms-label-hide\" for=\"wpforms-1273-field_2\">Comment or Message <span class=\"wpforms-required-label\">*<\/span><\/label><textarea id=\"wpforms-1273-field_2\" class=\"wpforms-field-medium wpforms-field-required\" name=\"wpforms[fields][2]\" placeholder=\"Mensaje o comentario\" required><\/textarea><\/div><\/div><!-- .wpforms-field-container --><div class=\"wpforms-recaptcha-container wpforms-is-recaptcha wpforms-is-recaptcha-type-invisible\" ><div class=\"g-recaptcha\" data-sitekey=\"6LfnhbwoAAAAAOTx_A523PqvNfnrqbJQ_i2YMoMV\" data-size=\"invisible\"><\/div><\/div><div class=\"wpforms-submit-container\" ><input type=\"hidden\" name=\"wpforms[id]\" value=\"1273\"><input type=\"hidden\" name=\"page_title\" value=\"\"><input type=\"hidden\" name=\"page_url\" value=\"https:\/\/ethelett.com\/en\/wp-json\/wp\/v2\/pages\/81\"><input type=\"hidden\" name=\"url_referer\" value=\"\"><button type=\"submit\" name=\"wpforms[submit]\" id=\"wpforms-submit-1273\" class=\"wpforms-submit\" data-alt-text=\"Sending...\" data-submit-text=\"Enviar\" aria-live=\"assertive\" value=\"wpforms-submit\">Enviar<\/button><img decoding=\"async\" src=\"https:\/\/ethelett.com\/wp-content\/plugins\/wpforms-lite\/assets\/images\/submit-spin.svg\" class=\"wpforms-submit-spinner\" style=\"display: none;\" width=\"26\" height=\"26\" alt=\"Loading\"><\/div><\/form><\/div>  <!-- .wpforms-container --><\/div><\/div><\/div>\n\n\n\n<div class=\"wp-block-stackable-column stk-block-column stk-block-column--v2 stk-column stk-block stk-00b81c9\" data-block-id=\"00b81c9\"><style>@media screen and (min-width:690px){.stk-00b81c9{flex:1 1 calc(33.33400000000002% - var(--stk-column-gap,0px) * 1 \/ 2 ) !important}}<\/style><div class=\"stk-column-wrapper stk-block-column__content stk-container stk-00b81c9-container stk--no-background stk--no-padding\"><div class=\"stk-block-content stk-inner-blocks stk-00b81c9-inner-blocks\">\n<div class=\"wp-block-stackable-image stk-block-image stk-block stk-25218b9\" data-block-id=\"25218b9\"><figure class=\"stk-img-wrapper stk-image--shape-stretch\"><img decoding=\"async\" class=\"stk-img wp-image-1631\" src=\"https:\/\/ethelett.com\/wp-content\/uploads\/2023\/01\/escribenos.jpg\" width=\"640\" height=\"427\" alt=\"Escr\u00edbenos \nContact us\" srcset=\"https:\/\/ethelett.com\/wp-content\/uploads\/2023\/01\/escribenos.jpg 640w, https:\/\/ethelett.com\/wp-content\/uploads\/2023\/01\/escribenos-300x200.jpg 300w, https:\/\/ethelett.com\/wp-content\/uploads\/2023\/01\/escribenos-18x12.jpg 18w\" sizes=\"(max-width: 640px) 100vw, 640px\" \/><\/figure><\/div>\n<\/div><\/div><\/div>\n<\/div><\/div>\n","protected":false},"excerpt":{"rendered":"<p>Te interesa emprender un proyecto con nosotros o tienes preguntas sobre nuestros servicios, escr\u00edbenos a trav\u00e9s de nuestro formulario de contacto o a la direcci\u00f3n de correo electr\u00f3nico: contacto@ethelett.com Usa estos mismos medios de contacto para informaci\u00f3n general, colaboraciones, medios o saludos. Te interesa formar parte de nuestro equipo. Env\u00edanos tu CV y portafolio a [&hellip;]<\/p>\n","protected":false},"author":1,"featured_media":1631,"parent":0,"menu_order":0,"comment_status":"closed","ping_status":"closed","template":"","meta":{"footnotes":""},"class_list":["post-81","page","type-page","status-publish","has-post-thumbnail","hentry"],"blocksy_meta":{"styles_descriptor":{"styles":{"desktop":"","tablet":"","mobile":""},"google_fonts":[],"version":6}},"_links":{"self":[{"href":"https:\/\/ethelett.com\/en\/wp-json\/wp\/v2\/pages\/81","targetHints":{"allow":["GET"]}}],"collection":[{"href":"https:\/\/ethelett.com\/en\/wp-json\/wp\/v2\/pages"}],"about":[{"href":"https:\/\/ethelett.com\/en\/wp-json\/wp\/v2\/types\/page"}],"author":[{"embeddable":true,"href":"https:\/\/ethelett.com\/en\/wp-json\/wp\/v2\/users\/1"}],"replies":[{"embeddable":true,"href":"https:\/\/ethelett.com\/en\/wp-json\/wp\/v2\/comments?post=81"}],"version-history":[{"count":24,"href":"https:\/\/ethelett.com\/en\/wp-json\/wp\/v2\/pages\/81\/revisions"}],"predecessor-version":[{"id":1663,"href":"https:\/\/ethelett.com\/en\/wp-json\/wp\/v2\/pages\/81\/revisions\/1663"}],"wp:featuredmedia":[{"embeddable":true,"href":"https:\/\/ethelett.com\/en\/wp-json\/wp\/v2\/media\/1631"}],"wp:attachment":[{"href":"https:\/\/ethelett.com\/en\/wp-json\/wp\/v2\/media?parent=81"}],"curies":[{"name":"wp","href":"https:\/\/api.w.org\/{rel}","templated":true}]}}